{"id":751,"date":"2015-03-16T11:31:56","date_gmt":"2015-03-16T11:31:56","guid":{"rendered":"http:\/\/www.kobkon.cz\/?page_id=751"},"modified":"2024-04-15T21:55:48","modified_gmt":"2024-04-15T19:55:48","slug":"mapy-2","status":"publish","type":"page","link":"https:\/\/www.kobkon.cz\/?page_id=751","title":{"rendered":"Mapy"},"content":{"rendered":"<p><span style=\"color: #0896fc\"><strong><a href=\"http:\/\/www.kobkon.cz\/wp-content\/uploads\/2011\/11\/Mobil3-e1426104643396.jpg\"><img loading=\"lazy\" decoding=\"async\" class=\" wp-image-701 alignnone\" src=\"http:\/\/www.kobkon.cz\/wp-content\/uploads\/2011\/11\/Mobil3-150x150.jpg\" alt=\"Mobil3\" width=\"75\" height=\"53\" \/><\/a><\/strong><\/span><\/p>\n<p><span style=\"color: #005000\"><a href=\"https:\/\/mapy.orientacnisporty.cz\/cs\/clubs\/kon\" target=\"_blank\" rel=\"noopener noreferrer\"><b>Na\u0161e mapy na <\/b><b>Mapov\u00e9m port\u00e1lu \u010cSOS<\/b><\/a>\u00a0<\/span><\/p>\n<table width=\"785\">\n<tbody>\n<tr>\n<td width=\"73\">2019<\/td>\n<td width=\"224\"><a href=\"https:\/\/mapy.orientacnisporty.cz\/mapa\/konice-wod-2019-2019\">Konice &#8211; WOD<\/a><\/td>\n<td width=\"208\">1 : 2500<\/td>\n<td width=\"212\"><a href=\"https:\/\/mapy.cz\/s\/2gOQk\">Konice<\/a><\/td>\n<td width=\"68\"><\/td>\n<\/tr>\n<tr>\n<td><\/td>\n<td><a href=\"https:\/\/mapy.orientacnisporty.cz\/mapa\/konice-centrum-2019\">Konice &#8211; centrum<\/a><\/td>\n<td>1 : 4000<\/td>\n<td><a href=\"https:\/\/mapy.cz\/s\/2gOQk\">Konice<\/a><\/td>\n<td><\/td>\n<\/tr>\n<tr>\n<td><\/td>\n<td><a href=\"https:\/\/mapy.orientacnisporty.cz\/mapa\/konice-bytovky-2019\">Konice &#8211; bytovky<\/a><\/td>\n<td>1 : 4000<\/td>\n<td><a href=\"https:\/\/mapy.cz\/s\/2gOQk\">Konice<\/a><\/td>\n<td><\/td>\n<\/tr>\n<tr>\n<td><\/td>\n<td><a href=\"https:\/\/mapy.orientacnisporty.cz\/mapa\/brezina-2019\">B\u0159ezina<\/a><\/td>\n<td>1 : 10000<\/td>\n<td><a href=\"https:\/\/mapy.cz\/s\/3t02n\">Jesenec<\/a><\/td>\n<td><\/td>\n<\/tr>\n<tr>\n<td>2018<\/td>\n<td><a href=\"https:\/\/mapy.orientacnisporty.cz\/mapa\/slamova-louze-2018\">Sl\u00e1mova lou\u017ee<\/a><\/td>\n<td>1 : 5000<\/td>\n<td><a href=\"https:\/\/mapy.cz\/s\/2njJc\">\u0160ub\u00ed\u0159ov<\/a><\/td>\n<td><\/td>\n<\/tr>\n<tr>\n<td><\/td>\n<td><a href=\"https:\/\/mapy.orientacnisporty.cz\/mapa\/benesovsky-prikop-2018\">Bene\u0161ovsk\u00fd p\u0159\u00edkop<\/a><\/td>\n<td>1 : 10000<\/td>\n<td><a href=\"https:\/\/mapy.cz\/s\/3t04K\">Bene\u0161ov<\/a><\/td>\n<td><\/td>\n<\/tr>\n<tr>\n<td><\/td>\n<td><a href=\"https:\/\/mapy.orientacnisporty.cz\/mapa\/za-skalami-2018\">Za sk\u00e1lami<\/a><\/td>\n<td>1 : 15000<\/td>\n<td><a href=\"https:\/\/mapy.cz\/s\/2CDFY\">Hartinkov<\/a><\/td>\n<td><\/td>\n<\/tr>\n<tr>\n<td><\/td>\n<td><a href=\"https:\/\/mapy.orientacnisporty.cz\/mapa\/veznice-2018\">V\u011b\u017enice<\/a><\/td>\n<td>1 : 15000<\/td>\n<td><a href=\"https:\/\/mapy.cz\/s\/2gf9q\">Kladky<\/a><\/td>\n<td><\/td>\n<\/tr>\n<tr>\n<td><\/td>\n<td><a href=\"https:\/\/mapy.orientacnisporty.cz\/mapa\/slajha-2018\">\u0160lajha<\/a><\/td>\n<td>1 : 10000<\/td>\n<td><a href=\"https:\/\/mapy.cz\/s\/2gf9q\">Kladky<\/a><\/td>\n<td><\/td>\n<\/tr>\n<tr>\n<td><\/td>\n<td><a href=\"https:\/\/mapy.orientacnisporty.cz\/mapa\/stebelik-2018\">\u0160t\u011bbel\u00edk<\/a><\/td>\n<td>1 : 15000<\/td>\n<td><a href=\"https:\/\/mapy.cz\/s\/2gf9q\">Kladky<\/a><\/td>\n<td><\/td>\n<\/tr>\n<tr>\n<td><\/td>\n<td><a href=\"https:\/\/mapy.orientacnisporty.cz\/mapa\/cerny-vrch-foot-2018\">\u010cern\u00fd Vrch<\/a><\/td>\n<td>1 : 10000<\/td>\n<td><a href=\"https:\/\/mapy.cz\/s\/2gf9q\">Kladky<\/a><\/td>\n<td><\/td>\n<\/tr>\n<tr>\n<td><\/td>\n<td><a href=\"https:\/\/mapy.orientacnisporty.cz\/mapa\/bukovina-2018\">Bukovina <\/a><\/td>\n<td>1 : 10000<\/td>\n<td><a href=\"https:\/\/mapy.cz\/s\/2FBZT\">Run\u00e1\u0159ov<\/a><\/td>\n<td><\/td>\n<\/tr>\n<tr>\n<td><\/td>\n<td><a href=\"https:\/\/mapy.orientacnisporty.cz\/mapa\/u-klementu-2018\">U Klement\u016f<\/a><\/td>\n<td>1 : 10000<\/td>\n<td><a href=\"https:\/\/mapy.cz\/s\/2G3MS\">Pohora<\/a><\/td>\n<td><\/td>\n<\/tr>\n<tr>\n<td>2017<\/td>\n<td><a href=\"https:\/\/mapy.orientacnisporty.cz\/mapa\/brezi-2017\">B\u0159ez\u00ed<\/a><\/td>\n<td>1 : 7500<\/td>\n<td><a href=\"https:\/\/mapy.cz\/s\/33acy\">Otro\u010dkov<\/a><\/td>\n<td><\/td>\n<\/tr>\n<tr>\n<td><\/td>\n<td><a href=\"https:\/\/mapy.orientacnisporty.cz\/mapa\/kapounata-2017\">Kapou\u0148ata<\/a><\/td>\n<td>1 : 10000<\/td>\n<td><a href=\"https:\/\/mapy.cz\/s\/30LH6\">\u0160ebetov<\/a><\/td>\n<td><\/td>\n<\/tr>\n<tr>\n<td><\/td>\n<td><a href=\"https:\/\/mapy.orientacnisporty.cz\/mapa\/moricuv-dvur-2017\">Mo\u0159ic\u016fv Dv\u016fr<\/a><\/td>\n<td>1 : 10000<\/td>\n<td><a href=\"https:\/\/mapy.cz\/s\/30LH6\">\u0160ebetov<\/a><\/td>\n<td><\/td>\n<\/tr>\n<tr>\n<td><\/td>\n<td><a href=\"https:\/\/mapy.orientacnisporty.cz\/mapa\/striteze-2017\">St\u0159\u00edte\u017ee<\/a><\/td>\n<td>1 : 10000<\/td>\n<td><a href=\"https:\/\/mapy.cz\/s\/3t04K\">Bene\u0161ov<\/a><\/td>\n<td><\/td>\n<\/tr>\n<tr>\n<td><\/td>\n<td><a href=\"https:\/\/mapy.orientacnisporty.cz\/mapa\/paprc-copy-id-2016\">Papr\u010d &#8211; LOB<\/a><\/td>\n<td>1 : 10000<\/td>\n<td><a href=\"https:\/\/mapy.cz\/s\/3t04K\">Bene\u0161ov<\/a><\/td>\n<td><\/td>\n<\/tr>\n<tr>\n<td>2016<\/td>\n<td><a href=\"https:\/\/mapy.orientacnisporty.cz\/mapa\/badalka-2016\">Badalka<\/a><\/td>\n<td>1 : 7500<\/td>\n<td><a href=\"https:\/\/mapy.cz\/s\/2gOQk\">Konice<\/a><\/td>\n<td><\/td>\n<\/tr>\n<tr>\n<td><\/td>\n<td><a href=\"https:\/\/mapy.orientacnisporty.cz\/mapa\/paprc-2016\">Papr\u010d<\/a><\/td>\n<td>1 : 10000<\/td>\n<td><a href=\"https:\/\/mapy.cz\/s\/3t04K\">Bene\u0161ov<\/a><\/td>\n<td><\/td>\n<\/tr>\n<tr>\n<td><\/td>\n<td><a href=\"https:\/\/mapy.orientacnisporty.cz\/mapa\/pod-karlovem-foot-2016\">Pod Karlovem<\/a><\/td>\n<td>1 : 10000<\/td>\n<td><a href=\"https:\/\/mapy.cz\/s\/30LH6\">\u0160ebetov<\/a><\/td>\n<td><\/td>\n<\/tr>\n<tr>\n<td><\/td>\n<td><a href=\"https:\/\/mapy.orientacnisporty.cz\/mapa\/pod-karlovem-2016\">U Zelen\u00e9ho k\u0159\u00ed\u017ee<\/a><\/td>\n<td>1 : 15000<\/td>\n<td><a href=\"https:\/\/mapy.cz\/s\/30LH6\">\u0160ebetov<\/a><\/td>\n<td><\/td>\n<\/tr>\n<tr>\n<td><\/td>\n<td><a href=\"https:\/\/mapy.orientacnisporty.cz\/mapa\/boskovice-2016\">Boskovice<\/a><\/td>\n<td>1 : 4000<\/td>\n<td><a href=\"http:\/\/mapy.cz\/s\/guPx\">Boskovice<\/a><\/td>\n<td><\/td>\n<\/tr>\n<tr>\n<td>2015<\/td>\n<td><a href=\"https:\/\/mapy.orientacnisporty.cz\/mapa\/baterie-2015\">Baterie<\/a><\/td>\n<td>1 : 10000<\/td>\n<td><a href=\"https:\/\/mapy.cz\/s\/3t0bc\">Nov\u00e1 Ves<\/a><\/td>\n<td><\/td>\n<\/tr>\n<tr>\n<td><\/td>\n<td><a href=\"https:\/\/mapy.orientacnisporty.cz\/mapa\/plankenberk-2015\">Plankenberk<\/a><\/td>\n<td>1 : 10000<\/td>\n<td><a href=\"https:\/\/mapy.cz\/s\/3t0bQ\">Biskupice<\/a><\/td>\n<td><\/td>\n<\/tr>\n<tr>\n<td><\/td>\n<td><a href=\"https:\/\/mapy.orientacnisporty.cz\/mapa\/nad-amerikou-2015\">Nad Amerikou<\/a><\/td>\n<td>1 : 10000<\/td>\n<td><a href=\"https:\/\/mapy.cz\/s\/2E3sY\">Drv\u00e1lovice<\/a><\/td>\n<td><\/td>\n<\/tr>\n<tr>\n<td><\/td>\n<td><a href=\"https:\/\/mapy.orientacnisporty.cz\/mapa\/hrube-kolo-2015\">Hrub\u00e9 kolo<\/a><\/td>\n<td>1 : 10000<\/td>\n<td><a href=\"https:\/\/mapy.cz\/s\/3t0bQ\">Biskupice<\/a><\/td>\n<td><\/td>\n<\/tr>\n<tr>\n<td><\/td>\n<td><a href=\"https:\/\/mapy.orientacnisporty.cz\/mapa\/jevicko-2015\">Jev\u00ed\u010dko<\/a><\/td>\n<td>1 : 4000<\/td>\n<td><a href=\"https:\/\/mapy.cz\/s\/2dt5I\">Jev\u00ed\u010dko<\/a><\/td>\n<td><\/td>\n<\/tr>\n<tr>\n<td width=\"73\">2014<\/td>\n<td><a href=\"http:\/\/csos.tmapserver.cz\/mapa\/kladecka-dolina-foot-2014\">Kladeck\u00e1 dolina<\/a><\/td>\n<td width=\"208\">1 : 10000<\/td>\n<td><a href=\"http:\/\/mapy.cz\/s\/gwyT\">Nectava<\/a><\/td>\n<td><\/td>\n<\/tr>\n<tr>\n<td width=\"73\"><\/td>\n<td><a href=\"http:\/\/csos.tmapserver.cz\/mapa\/nectavske-udoli-2014\">Nectavsk\u00e9 \u00fadol\u00ed<\/a><\/td>\n<td width=\"208\">1 : 15000<\/td>\n<td><a href=\"http:\/\/mapy.cz\/s\/gwyT\">Nectava<\/a><\/td>\n<td><\/td>\n<\/tr>\n<tr>\n<td width=\"73\"><\/td>\n<td><a href=\"http:\/\/csos.tmapserver.cz\/mapa\/sladkova-skala-foot-2014\">Sl\u00e1dkova sk\u00e1la<\/a><\/td>\n<td width=\"208\">1 : 10000<\/td>\n<td><a href=\"http:\/\/mapy.cz\/s\/guQE\">Jesenec<\/a><\/td>\n<td><\/td>\n<\/tr>\n<tr>\n<td width=\"73\"><\/td>\n<td><a href=\"http:\/\/csos.tmapserver.cz\/mapa\/warm-up-long-2014\">Mapa Warm-up long<\/a><\/td>\n<td width=\"208\">1 : 15000<\/td>\n<td><a href=\"http:\/\/mapy.cz\/s\/gwyT\">Nectava<\/a><\/td>\n<td><\/td>\n<\/tr>\n<tr>\n<td width=\"73\">2012<\/td>\n<td><a href=\"http:\/\/csos.tmapserver.cz\/mapa\/horka-2012\">Horka<\/a><\/td>\n<td width=\"208\">1 : 5000<\/td>\n<td><a href=\"http:\/\/mapy.cz\/s\/gwqn\">Hvozd<\/a><\/td>\n<td><a href=\"http:\/\/www.kobkon.cz\/mapy\/Boskovice_final_5000.ocd\">ocd<\/a><\/td>\n<\/tr>\n<tr>\n<td width=\"73\">2011<\/td>\n<td><a href=\"http:\/\/csos.tmapserver.cz\/mapa\/boskovice-sprint-2011\">Boskovice<\/a><\/td>\n<td width=\"208\">1 : 5000<\/td>\n<td><a href=\"http:\/\/mapy.cz\/s\/guPx\">Boskovice<\/a><\/td>\n<td><\/td>\n<\/tr>\n<tr>\n<td width=\"73\"><\/td>\n<td><a href=\"http:\/\/csos.tmapserver.cz\/mapa\/boskovice-2011\">Boskovice<\/a><\/td>\n<td width=\"208\">1 : 4000<\/td>\n<td><a href=\"http:\/\/mapy.cz\/s\/guPx\">Boskovice<\/a><\/td>\n<td><\/td>\n<\/tr>\n<tr>\n<td width=\"73\"><\/td>\n<td><a href=\"http:\/\/csos.tmapserver.cz\/mapa\/mojetin-2011\">Mojet\u00edn<\/a><\/td>\n<td width=\"208\">1 : 15000<\/td>\n<td><a href=\"http:\/\/mapy.cz\/s\/guPt\">Melkov<\/a><\/td>\n<td><\/td>\n<\/tr>\n<tr>\n<td width=\"73\"><\/td>\n<td><a href=\"http:\/\/csos.tmapserver.cz\/mapa\/melkov-2011\">Melkov<\/a><\/td>\n<td width=\"208\">1 : 10000<\/td>\n<td><a href=\"http:\/\/mapy.cz\/s\/guPt\">Melkov<\/a><\/td>\n<td><\/td>\n<\/tr>\n<tr>\n<td width=\"73\">2010<\/td>\n<td><a href=\"http:\/\/csos.tmapserver.cz\/mapa\/brodek-u-konice-2011\">Brodek u Konice<\/a><\/td>\n<td width=\"208\">1 : 5000<\/td>\n<td><a href=\"http:\/\/mapy.cz\/s\/gwdi\">Brodek u Konice<\/a><\/td>\n<td><\/td>\n<\/tr>\n<tr>\n<td><\/td>\n<td><a href=\"http:\/\/csos.tmapserver.cz\/mapa\/lipina-foot-2010\">Lipina<\/a><\/td>\n<td width=\"208\">1 : 15000<\/td>\n<td><a href=\"http:\/\/mapy.cz\/s\/guOf\">Pohora<\/a><\/td>\n<td><\/td>\n<\/tr>\n<tr>\n<td width=\"73\"><\/td>\n<td><a href=\"http:\/\/csos.tmapserver.cz\/mapa\/na-padelkach-2010\">Na Pad\u011blk\u00e1ch<\/a><\/td>\n<td width=\"208\">1 : 10000<\/td>\n<td><a href=\"http:\/\/mapy.cz\/s\/guPG\">Horn\u00ed \u0160t\u011bp\u00e1nov<\/a><\/td>\n<td><\/td>\n<\/tr>\n<tr>\n<td width=\"73\"><\/td>\n<td><a href=\"http:\/\/csos.tmapserver.cz\/mapa\/peterkuv-kopec-2010\">Peterk\u016fv kopec<\/a><\/td>\n<td width=\"208\">1 : 10000<\/td>\n<td><a href=\"http:\/\/mapy.cz\/s\/guPG\">Horn\u00ed \u0160t\u011bp\u00e1nov<\/a><\/td>\n<td><\/td>\n<\/tr>\n<tr>\n<td width=\"73\"><\/td>\n<td><a href=\"http:\/\/csos.tmapserver.cz\/mapa\/ruzickova-skala-2010\">R\u016f\u017ei\u010dkova sk\u00e1la<\/a><\/td>\n<td width=\"208\">1 : 10000<\/td>\n<td><a href=\"http:\/\/mapy.cz\/s\/guPo\">Nov\u00e1 D\u011bdina<\/a><\/td>\n<td><\/td>\n<\/tr>\n<tr>\n<td width=\"73\">2009<\/td>\n<td><a href=\"http:\/\/csos.tmapserver.cz\/mapa\/brezi-2009\">B\u0159ez\u00ed<\/a><\/td>\n<td width=\"208\">1 : 7500<\/td>\n<td><a href=\"http:\/\/mapy.cz\/s\/guQU\">Otro\u010dkov<\/a><\/td>\n<td><\/td>\n<\/tr>\n<tr>\n<td width=\"73\"><\/td>\n<td><a href=\"http:\/\/csos.tmapserver.cz\/mapa\/kancin-2009\">Kan\u010d\u00edn<\/a><\/td>\n<td width=\"208\">1 : 10000<\/td>\n<td><a href=\"http:\/\/mapy.cz\/s\/guOf\">Pohora<\/a><\/td>\n<td><\/td>\n<\/tr>\n<tr>\n<td width=\"73\"><\/td>\n<td><a href=\"http:\/\/csos.tmapserver.cz\/mapa\/oves-2009\">Oves<\/a><\/td>\n<td width=\"208\">1 : 10000<\/td>\n<td><a href=\"http:\/\/mapy.cz\/s\/guOf\">Pohora<\/a><\/td>\n<td><\/td>\n<\/tr>\n<tr>\n<td width=\"73\"><\/td>\n<td><a href=\"http:\/\/csos.tmapserver.cz\/mapa\/peterkuv-kopec-2009\">Peterk\u016fv kopec<\/a><\/td>\n<td width=\"208\">1 : 10000<\/td>\n<td><a href=\"http:\/\/mapy.cz\/s\/guPG\">Horn\u00ed \u0160t\u011bp\u00e1nov<\/a><\/td>\n<td><\/td>\n<\/tr>\n<tr>\n<td width=\"73\"><\/td>\n<td><a href=\"http:\/\/csos.tmapserver.cz\/mapa\/u-starenky-2009\">U sta\u0159enky<\/a><\/td>\n<td width=\"208\">1 : 2000<\/td>\n<td><a href=\"http:\/\/mapy.cz\/s\/guP3\">Sk\u0159\u00edpov<\/a><\/td>\n<td><\/td>\n<\/tr>\n<tr>\n<td width=\"73\">2008<\/td>\n<td><a href=\"http:\/\/csos.tmapserver.cz\/mapa\/boudy-foot-15000-2008\">Boudy<\/a><\/td>\n<td width=\"208\">1 : 15000<\/td>\n<td><a href=\"http:\/\/mapy.cz\/s\/guP3\">Sk\u0159\u00edpov<\/a><\/td>\n<td><\/td>\n<\/tr>\n<tr>\n<td width=\"73\"><\/td>\n<td><a href=\"http:\/\/csos.tmapserver.cz\/mapa\/konice-2008\">Konice<\/a><\/td>\n<td width=\"208\">1 : 5000<\/td>\n<td><a href=\"http:\/\/mapy.cz\/s\/guPY\">Konice<\/a><\/td>\n<td><\/td>\n<\/tr>\n<tr>\n<td width=\"73\"><\/td>\n<td><a href=\"http:\/\/csos.tmapserver.cz\/mapa\/maly-hrad-2008\">Mal\u00fd hrad<\/a><\/td>\n<td width=\"208\">1 : 10000<\/td>\n<td><a href=\"http:\/\/mapy.cz\/s\/guOf\">Pohora<\/a><\/td>\n<td><\/td>\n<\/tr>\n<tr>\n<td width=\"73\"><\/td>\n<td><a href=\"http:\/\/csos.tmapserver.cz\/mapa\/na-zamku-foot-2008\">Na Z\u00e1mku<\/a><\/td>\n<td width=\"208\">1 : 10000<\/td>\n<td><a href=\"http:\/\/mapy.cz\/s\/guP3\">Sk\u0159\u00edpov<\/a><\/td>\n<td><\/td>\n<\/tr>\n<tr>\n<td width=\"73\"><\/td>\n<td><a href=\"http:\/\/csos.tmapserver.cz\/mapa\/nove-sady-2008\">Nov\u00e9 sady<\/a><\/td>\n<td width=\"208\">1 : 10000<\/td>\n<td><a href=\"http:\/\/mapy.cz\/s\/guP9\">Nov\u00e9 Sady<\/a><\/td>\n<td><\/td>\n<\/tr>\n<tr>\n<td width=\"73\"><\/td>\n<td><a href=\"http:\/\/csos.tmapserver.cz\/mapa\/olsana-2008\">Ol\u0161ana<\/a><\/td>\n<td width=\"208\">1 : 10000<\/td>\n<td><a href=\"http:\/\/mapy.cz\/s\/guP3\">Sk\u0159\u00edpov<\/a><\/td>\n<td><\/td>\n<\/tr>\n<tr>\n<td width=\"73\"><\/td>\n<td><a href=\"http:\/\/csos.tmapserver.cz\/mapa\/posadka-2008\">Pos\u00e1dka<\/a><\/td>\n<td width=\"208\">1 : 10000<\/td>\n<td><a href=\"http:\/\/mapy.cz\/s\/guOE\">Run\u00e1\u0159ov<\/a><\/td>\n<td><\/td>\n<\/tr>\n<tr>\n<td width=\"73\"><\/td>\n<td><a href=\"http:\/\/csos.tmapserver.cz\/mapa\/rachavy-2008\">Rachavy<\/a><\/td>\n<td width=\"208\">1 : 10000<\/td>\n<td><a href=\"http:\/\/mapy.cz\/s\/guOq\">Ole\u0161nice<\/a><\/td>\n<td><\/td>\n<\/tr>\n<tr>\n<td width=\"73\"><\/td>\n<td><a href=\"http:\/\/csos.tmapserver.cz\/mapa\/rudka-posadka-2008\">Rudka &#8211; Pos\u00e1dka<\/a><\/td>\n<td width=\"208\">1 : 7500<\/td>\n<td><a href=\"http:\/\/mapy.cz\/s\/gwbJ\">Ponikev<\/a><\/td>\n<td><\/td>\n<\/tr>\n<tr>\n<td width=\"73\"><\/td>\n<td><a href=\"http:\/\/csos.tmapserver.cz\/mapa\/svancarka-2008\">\u0160vancarka<\/a><\/td>\n<td width=\"208\">1 : 15000<\/td>\n<td><a href=\"http:\/\/mapy.cz\/s\/guOf\">Pohora<\/a><\/td>\n<td><\/td>\n<\/tr>\n<tr>\n<td width=\"73\"><\/td>\n<td><a href=\"http:\/\/csos.tmapserver.cz\/mapa\/u-reiteru-2008\">U Reiter\u016f<\/a><\/td>\n<td width=\"208\">1 : 15000<\/td>\n<td><a href=\"http:\/\/mapy.cz\/s\/guP9\">Nov\u00e9 Sady<\/a><\/td>\n<td><\/td>\n<\/tr>\n<tr>\n<td width=\"73\">2007<\/td>\n<td><a href=\"http:\/\/csos.tmapserver.cz\/mapa\/rachavy-2007\">Rachavy<\/a><\/td>\n<td width=\"208\">1 : 10000<\/td>\n<td><a href=\"http:\/\/mapy.cz\/s\/guOq\">Ole\u0161nice<\/a><\/td>\n<td><\/td>\n<\/tr>\n<tr>\n<td width=\"73\">2006<\/td>\n<td><a href=\"http:\/\/csos.tmapserver.cz\/mapa\/ledkova-hut-foot-2006\">Ledkov\u00e1 hu\u0165<\/a><\/td>\n<td width=\"208\">1 : 10000<\/td>\n<td><a href=\"http:\/\/mapy.cz\/s\/guPS\">Valchov<\/a><\/td>\n<td><\/td>\n<\/tr>\n<tr>\n<td width=\"73\"><\/td>\n<td><a href=\"http:\/\/csos.tmapserver.cz\/mapa\/nivky-2006\">Nivky<\/a><\/td>\n<td width=\"208\">1 : 10000<\/td>\n<td><a href=\"http:\/\/mapy.cz\/s\/guPU\">Ludm\u00edrov<\/a><\/td>\n<td><\/td>\n<\/tr>\n<tr>\n<td width=\"73\">2005<\/td>\n<td><a href=\"http:\/\/csos.tmapserver.cz\/mapa\/konice-2005\">Konice<\/a><\/td>\n<td width=\"208\">1 : 5000<\/td>\n<td><a href=\"http:\/\/mapy.cz\/s\/guPY\">Konice<\/a><\/td>\n<td><\/td>\n<\/tr>\n<tr>\n<td width=\"73\"><\/td>\n<td><a href=\"http:\/\/csos.tmapserver.cz\/mapa\/rudka-2005\">Rudka<\/a><\/td>\n<td width=\"208\">1 : 10000<\/td>\n<td><a href=\"http:\/\/mapy.cz\/s\/guPU\">Ludm\u00edrov<\/a><\/td>\n<td><\/td>\n<\/tr>\n<tr>\n<td width=\"73\"><\/td>\n<td><a href=\"http:\/\/csos.tmapserver.cz\/mapa\/u-pred-posledniho-mohykana-2005\">U (p\u0159ed)posledn\u00edho mohyk\u00e1na<\/a><\/td>\n<td width=\"208\">1 : 10000<\/td>\n<td><a href=\"http:\/\/mapy.cz\/s\/guOB\">Vojt\u011bchov<\/a><\/td>\n<td><\/td>\n<\/tr>\n<tr>\n<td width=\"73\">2004<\/td>\n<td><a href=\"http:\/\/csos.tmapserver.cz\/mapa\/konice-2004\">Konice sportcentrum<\/a><\/td>\n<td width=\"208\">1 : 5000<\/td>\n<td><a href=\"http:\/\/mapy.cz\/s\/guPY\">Konice<\/a><\/td>\n<td><\/td>\n<\/tr>\n<tr>\n<td width=\"73\"><\/td>\n<td><a href=\"http:\/\/csos.tmapserver.cz\/mapa\/polomi-2004-2004\">Polom\u00ed 2004<\/a><\/td>\n<td width=\"208\">1 : 10000<\/td>\n<td><a href=\"http:\/\/mapy.cz\/zakladni?x=16.9438827&amp;y=49.6655835&amp;z=11&amp;l=1&amp;source=coor&amp;id=16.949197097745756%2C49.63210304711822\">Polom\u00ed<\/a><\/td>\n<td><\/td>\n<\/tr>\n<tr>\n<td width=\"73\"><\/td>\n<td><a href=\"http:\/\/csos.tmapserver.cz\/mapa\/v-jerabech-2004\">V Je\u0159\u00e1bech<\/a><\/td>\n<td width=\"208\">1 : 15000<\/td>\n<td><a href=\"http:\/\/mapy.cz\/s\/guQw\">Bene\u0161ov<\/a><\/td>\n<td><\/td>\n<\/tr>\n<tr>\n<td width=\"73\">2003<\/td>\n<td><a href=\"http:\/\/csos.tmapserver.cz\/mapa\/rachava-2003\">Rachava<\/a><\/td>\n<td width=\"208\">1 : 15000<\/td>\n<td><a href=\"http:\/\/mapy.cz\/s\/guOq\">Ole\u0161nice<\/a><\/td>\n<td><\/td>\n<\/tr>\n<tr>\n<td width=\"73\">2002<\/td>\n<td><a href=\"http:\/\/csos.tmapserver.cz\/mapa\/hek-vilemovo-pole-2002\">H\u00e9k Vil\u00e9movo pole<\/a><\/td>\n<td width=\"208\">1 : 10000<\/td>\n<td><a href=\"http:\/\/mapy.cz\/s\/guQ6\">B\u0159ezsko<\/a><\/td>\n<td><\/td>\n<\/tr>\n<tr>\n<td width=\"73\"><\/td>\n<td><a href=\"http:\/\/csos.tmapserver.cz\/mapa\/svabensko-2002\">\u0160v\u00e1bensko<\/a><\/td>\n<td width=\"208\">1 : 15000<\/td>\n<td><a href=\"http:\/\/mapy.cz\/s\/guPY\">Konice<\/a><\/td>\n<td><\/td>\n<\/tr>\n<tr>\n<td width=\"73\">2001<\/td>\n<td><a href=\"http:\/\/csos.tmapserver.cz\/mapa\/certi-schodky-2001\">\u010cert\u00ed schodky<\/a><\/td>\n<td width=\"208\">1 : 10000<\/td>\n<td><a href=\"http:\/\/mapy.cz\/s\/guOE\">Run\u00e1\u0159ov<\/a><\/td>\n<td><\/td>\n<\/tr>\n<tr>\n<td width=\"73\"><\/td>\n<td><a href=\"http:\/\/csos.tmapserver.cz\/mapa\/drgola-2001\">Drgola<\/a><\/td>\n<td width=\"208\">1 : 15000<\/td>\n<td><a href=\"http:\/\/mapy.cz\/s\/guQI\">\u0160ub\u00ed\u0159ov<\/a><\/td>\n<td><\/td>\n<\/tr>\n<tr>\n<td width=\"73\">2000<\/td>\n<td><a href=\"http:\/\/csos.tmapserver.cz\/mapa\/sladkova-skala-2000\">Sl\u00e1dkova sk\u00e1la<\/a><\/td>\n<td width=\"208\">1 : 15000<\/td>\n<td><a href=\"http:\/\/mapy.cz\/s\/guQE\">Jesenec<\/a><\/td>\n<td><\/td>\n<\/tr>\n<tr>\n<td width=\"73\">1999<\/td>\n<td><a href=\"http:\/\/csos.tmapserver.cz\/mapa\/brezsky-vrch-1999\">B\u0159ezsk\u00fd vrch<\/a><\/td>\n<td width=\"208\">1 : 10000<\/td>\n<td><a href=\"http:\/\/mapy.cz\/s\/guPY\">Konice<\/a><\/td>\n<td><\/td>\n<\/tr>\n<tr>\n<td width=\"73\">1998<\/td>\n<td><a href=\"http:\/\/csos.tmapserver.cz\/mapa\/baterie-1998\">Baterie<\/a><\/td>\n<td width=\"208\">1 : 15000<\/td>\n<td><a href=\"http:\/\/mapy.cz\/s\/guQB\">Nov\u00e1 Ves<\/a><\/td>\n<td><\/td>\n<\/tr>\n<tr>\n<td width=\"73\">1995<\/td>\n<td><a href=\"http:\/\/csos.tmapserver.cz\/mapa\/bahna-1995\">Bahna<\/a><\/td>\n<td width=\"208\">1 : 15000<\/td>\n<td><a href=\"http:\/\/mapy.cz\/s\/guQw\">Bene\u0161ov<\/a><\/td>\n<td><\/td>\n<\/tr>\n<tr>\n<td width=\"73\"><\/td>\n<td><a href=\"http:\/\/csos.tmapserver.cz\/mapa\/javornik-1995\">Javorn\u00edk<\/a><\/td>\n<td width=\"208\">1 : 15000<\/td>\n<td><a href=\"http:\/\/mapy.cz\/s\/guQw\">Bene\u0161ov<\/a><\/td>\n<td><\/td>\n<\/tr>\n<tr>\n<td width=\"73\">1992<\/td>\n<td><a href=\"http:\/\/csos.tmapserver.cz\/mapa\/kamenak-1992\">Kame\u0148\u00e1k<\/a><\/td>\n<td width=\"208\">1 : 10000<\/td>\n<td><a href=\"http:\/\/mapy.cz\/s\/guPY\">Konice<\/a><\/td>\n<td><\/td>\n<\/tr>\n<tr>\n<td width=\"73\"><\/td>\n<td><a href=\"http:\/\/csos.tmapserver.cz\/mapa\/radosovec-1992\">Rado\u0161ovec<\/a><\/td>\n<td width=\"208\">1 : 10000<\/td>\n<td><a href=\"http:\/\/mapy.cz\/s\/guPY\">Konice<\/a><\/td>\n<td><\/td>\n<\/tr>\n<tr>\n<td width=\"73\"><\/td>\n<td><a href=\"http:\/\/csos.tmapserver.cz\/mapa\/loupeznik-1992\">Loupe\u017en\u00edk<\/a><\/td>\n<td width=\"208\">1 : 15000<\/td>\n<td><a href=\"http:\/\/mapy.cz\/s\/guQu\">\u0160ub\u00ed\u0159ov<\/a><\/td>\n<td><\/td>\n<\/tr>\n<tr>\n<td width=\"73\">1991<\/td>\n<td><a href=\"http:\/\/csos.tmapserver.cz\/mapa\/zvonik-1991\">Zvon\u00edk<\/a><\/td>\n<td width=\"208\">1 : 15000<\/td>\n<td><a href=\"http:\/\/mapy.cz\/s\/guPY\">Konice<\/a><\/td>\n<td><\/td>\n<\/tr>\n<tr>\n<td width=\"73\">1989<\/td>\n<td><a href=\"http:\/\/csos.tmapserver.cz\/mapa\/durana-1989\">Durana<\/a><\/td>\n<td width=\"208\">1 : 15000<\/td>\n<td><a href=\"http:\/\/mapy.cz\/s\/guQo\">\u00dasobrno<\/a><\/td>\n<td><\/td>\n<\/tr>\n<tr>\n<td width=\"73\">1988<\/td>\n<td><a href=\"http:\/\/csos.tmapserver.cz\/cs\/maps\/kosir-1988\">Kos\u00ed\u0159<\/a><\/td>\n<td width=\"208\">1 : 15000<\/td>\n<td><a href=\"http:\/\/mapy.cz\/s\/guQs\">\u010cechy pod Kos\u00ed\u0159em<\/a><\/td>\n<td><\/td>\n<\/tr>\n<tr>\n<td width=\"73\">1986<\/td>\n<td><a href=\"http:\/\/csos.tmapserver.cz\/cs\/maps\/u-frantiska-1986\">U Franti\u0161ka<\/a><\/td>\n<td width=\"208\">1 : 10000<\/td>\n<td><a href=\"http:\/\/mapy.cz\/s\/guQ6\">B\u0159ezsko<\/a><\/td>\n<td><\/td>\n<\/tr>\n<tr>\n<td width=\"73\">1984<\/td>\n<td><a href=\"http:\/\/csos.tmapserver.cz\/cs\/maps\/brezina-1984\">B\u0159ezina<\/a><\/td>\n<td width=\"208\">1 : 15000<\/td>\n<td><a href=\"http:\/\/mapy.cz\/s\/guQk\">Dzbel<\/a><\/td>\n<td><\/td>\n<\/tr>\n<tr>\n<td width=\"73\">1983<\/td>\n<td><a href=\"http:\/\/csos.tmapserver.cz\/cs\/maps\/rampach-1983\">Rampach<\/a><\/td>\n<td width=\"208\">1 : 20000<\/td>\n<td><a href=\"http:\/\/mapy.cz\/s\/guQe\">Vil\u00e9mov<\/a><\/td>\n<td><\/td>\n<\/tr>\n<tr>\n<td width=\"73\">1981<\/td>\n<td><a href=\"http:\/\/csos.tmapserver.cz\/cs\/maps\/brezsko-1981\">B\u0159ezsko<\/a><\/td>\n<td width=\"208\">1 : 20000<\/td>\n<td><a href=\"http:\/\/mapy.cz\/s\/guQ6\">B\u0159ezsko<\/a><\/td>\n<td><\/td>\n<\/tr>\n<tr>\n<td width=\"73\">1979<\/td>\n<td><a href=\"http:\/\/csos.tmapserver.cz\/cs\/maps\/zahrady-1979\">Zahrady<\/a><\/td>\n<td width=\"208\">1 : 20000<\/td>\n<td><a href=\"http:\/\/mapy.cz\/s\/guPY\">Konice<\/a><\/td>\n<td><\/td>\n<\/tr>\n<\/tbody>\n<\/table>\n","protected":false},"excerpt":{"rendered":"<p>Na\u0161e mapy na Mapov\u00e9m port\u00e1lu \u010cSOS\u00a0 2019 Konice &#8211; WOD 1 : 2500 Konice Konice &#8211; centrum 1 : 4000 Konice Konice &#8211; bytovky 1 : 4000 Konice B\u0159ezina 1 : 10000 Jesenec 2018 Sl\u00e1mova lou\u017ee 1 : 5000 \u0160ub\u00ed\u0159ov Bene\u0161ovsk\u00fd p\u0159\u00edkop 1 : 10000 Bene\u0161ov Za sk\u00e1lami 1 : 15000 Hartinkov V\u011b\u017enice 1 : [&hellip;]<\/p>\n","protected":false},"author":1,"featured_media":0,"parent":0,"menu_order":40,"comment_status":"closed","ping_status":"closed","template":"","meta":{"footnotes":""},"_links":{"self":[{"href":"https:\/\/www.kobkon.cz\/index.php?rest_route=\/wp\/v2\/pages\/751"}],"collection":[{"href":"https:\/\/www.kobkon.cz\/index.php?rest_route=\/wp\/v2\/pages"}],"about":[{"href":"https:\/\/www.kobkon.cz\/index.php?rest_route=\/wp\/v2\/types\/page"}],"author":[{"embeddable":true,"href":"https:\/\/www.kobkon.cz\/index.php?rest_route=\/wp\/v2\/users\/1"}],"replies":[{"embeddable":true,"href":"https:\/\/www.kobkon.cz\/index.php?rest_route=%2Fwp%2Fv2%2Fcomments&post=751"}],"version-history":[{"count":14,"href":"https:\/\/www.kobkon.cz\/index.php?rest_route=\/wp\/v2\/pages\/751\/revisions"}],"predecessor-version":[{"id":1425,"href":"https:\/\/www.kobkon.cz\/index.php?rest_route=\/wp\/v2\/pages\/751\/revisions\/1425"}],"wp:attachment":[{"href":"https:\/\/www.kobkon.cz\/index.php?rest_route=%2Fwp%2Fv2%2Fmedia&parent=751"}],"curies":[{"name":"wp","href":"https:\/\/api.w.org\/{rel}","templated":true}]}}