{"id":166,"date":"2011-11-20T19:40:58","date_gmt":"2011-11-20T19:40:58","guid":{"rendered":"http:\/\/www.kobkon.cz\/?page_id=166"},"modified":"2019-05-18T09:27:56","modified_gmt":"2019-05-18T07:27:56","slug":"kontakt","status":"publish","type":"page","link":"https:\/\/www.kobkon.cz\/?page_id=166","title":{"rendered":"Kontakt"},"content":{"rendered":"<p><span style=\"color: #000000;\"><strong><a href=\"http:\/\/www.kobkon.cz\/wp-content\/uploads\/2011\/11\/KOBKON.png\"><img decoding=\"async\" class=\"alignright size-thumbnail wp-image-289\" title=\"KOBKON\" src=\"http:\/\/www.kobkon.cz\/wp-content\/uploads\/2011\/11\/KOBKON-150x150.png\" alt=\"\" width=\"150\" srcset=\"https:\/\/www.kobkon.cz\/wp-content\/uploads\/2011\/11\/KOBKON-150x150.png 150w, https:\/\/www.kobkon.cz\/wp-content\/uploads\/2011\/11\/KOBKON.png 200w\" sizes=\"(max-width: 150px) 100vw, 150px\" \/><\/a>Klub orienta\u010dn\u00edho b\u011bhu Konice<\/strong><\/span><strong> z. s.<\/strong><br \/>\n<span style=\"color: #000000;\"> Tyr\u0161ova 397<\/span><br \/>\n<span style=\"color: #000000;\"> KONICE<\/span><br \/>\n<span style=\"color: #000000;\"> 79852 <\/span><\/p>\n<p><span style=\"color: #000000;\">GPS: \u00a0 49\u00b035&#8217;41.064&#8243;N, 16\u00b053&#8217;17.801&#8243;E \u00a0 \u00a0 <a href=\"http:\/\/mapy.cz\/s\/2Dde\" target=\"_blank\" rel=\"noopener noreferrer\">Najdete n\u00e1s zde<\/a> \u00a0<\/span><\/p>\n<p><span style=\"color: #000000;\"><em>telefon: <\/em>581 110 370<\/span><br \/>\n<span style=\"color: #000000;\"><em>mobil: <\/em>605 299 453<\/span><br \/>\n<span style=\"color: #000000;\"><em>telefax: <\/em>592 391 265<\/span><br \/>\n<span style=\"color: #000000;\"><em>e-mail: <\/em><\/span><a href=\"mailto:kon@kobkon.cz\"><span style=\"color: #000000;\">kon@kobkon.cz<\/span><\/a><\/p>\n<p><span style=\"color: #000000;\"><em>I\u010cO:<\/em>44053967<\/span><br \/>\n<span style=\"color: #000000;\"> <em>DI\u010c:<\/em> CZ 44053967<\/span><br \/>\n<span style=\"color: #000000;\"> <em>Banka:<\/em> Komer\u010dn\u00ed banka Prost\u011bjov, \u010d\u00edslo \u00fa\u010dtu <strong>14336701\/0100<\/strong><\/span><\/p>\n<p><a href=\"https:\/\/oris.orientacnisporty.cz\/Klub?id=KON\" target=\"_blank\" rel=\"noopener noreferrer\">IS ORIS<\/a>,<span style=\"color: #000025;\">\u00a0 <a href=\"https:\/\/or.justice.cz\/ias\/ui\/rejstrik-firma.vysledky?subjektId=773301&amp;typ=PLATNY\" target=\"_blank\" rel=\"noopener noreferrer\">Spolkov\u00fd rejst\u0159\u00edk<\/a><\/span><\/p>\n","protected":false},"excerpt":{"rendered":"<p>Klub orienta\u010dn\u00edho b\u011bhu Konice z. s. Tyr\u0161ova 397 KONICE 79852 GPS: \u00a0 49\u00b035&#8217;41.064&#8243;N, 16\u00b053&#8217;17.801&#8243;E \u00a0 \u00a0 Najdete n\u00e1s zde \u00a0 telefon: 581 110 370 mobil: 605 299 453 telefax: 592 391 265 e-mail: kon@kobkon.cz I\u010cO:44053967 DI\u010c: CZ 44053967 Banka: Komer\u010dn\u00ed banka Prost\u011bjov, \u010d\u00edslo \u00fa\u010dtu 14336701\/0100 IS ORIS,\u00a0 Spolkov\u00fd rejst\u0159\u00edk<\/p>\n","protected":false},"author":1,"featured_media":0,"parent":0,"menu_order":10,"comment_status":"closed","ping_status":"closed","template":"","meta":{"footnotes":""},"_links":{"self":[{"href":"https:\/\/www.kobkon.cz\/index.php?rest_route=\/wp\/v2\/pages\/166"}],"collection":[{"href":"https:\/\/www.kobkon.cz\/index.php?rest_route=\/wp\/v2\/pages"}],"about":[{"href":"https:\/\/www.kobkon.cz\/index.php?rest_route=\/wp\/v2\/types\/page"}],"author":[{"embeddable":true,"href":"https:\/\/www.kobkon.cz\/index.php?rest_route=\/wp\/v2\/users\/1"}],"replies":[{"embeddable":true,"href":"https:\/\/www.kobkon.cz\/index.php?rest_route=%2Fwp%2Fv2%2Fcomments&post=166"}],"version-history":[{"count":44,"href":"https:\/\/www.kobkon.cz\/index.php?rest_route=\/wp\/v2\/pages\/166\/revisions"}],"predecessor-version":[{"id":1251,"href":"https:\/\/www.kobkon.cz\/index.php?rest_route=\/wp\/v2\/pages\/166\/revisions\/1251"}],"wp:attachment":[{"href":"https:\/\/www.kobkon.cz\/index.php?rest_route=%2Fwp%2Fv2%2Fmedia&parent=166"}],"curies":[{"name":"wp","href":"https:\/\/api.w.org\/{rel}","templated":true}]}}